{"id":210,"date":"2025-03-18T12:10:56","date_gmt":"2025-03-18T11:10:56","guid":{"rendered":"https:\/\/demo.svartpist.se\/trahantverk\/?post_type=product&#038;p=210"},"modified":"2025-04-14T11:33:24","modified_gmt":"2025-04-14T09:33:24","slug":"jarvsobagen-rod","status":"publish","type":"product","link":"https:\/\/demo.svartpist.se\/trahantverk\/produkt\/jarvsobagen-rod\/","title":{"rendered":"J\u00e4rvs\u00f6b\u00e5gen"},"content":{"rendered":"<p>J\u00e4rvs\u00f6b\u00e5gen \u00e4r mer \u00e4n en adventsljusstake &#8211; en modern klassiker med tidl\u00f6s design som skapar st\u00e4mning \u00e5ret om. Den nya J\u00e4rvs\u00f6b\u00e5gen finns i tv\u00e5 storlekar, fyra f\u00e4rger och elegant ekutf\u00f6rande. Dess uppgraderade design \u00e4r en hyllning till v\u00e5rt landm\u00e4rke J\u00e4rvs\u00f6klack, med sm\u00e5 klackar som vackert harmonierar med dess i \u00f6vrigt svepande design.<\/p>\n<p><strong>V\u00e4lj mellan tv\u00e5 storlekar<\/strong><\/p>\n<ul>\n<li><strong>Liten<\/strong> &#8211; 74 cm l\u00e5ng och 24 cm h\u00f6g, 8 lampor<\/li>\n<li><strong>Stor<\/strong> &#8211; 93 cm l\u00e5ng och 30 cm h\u00f6g, 10 lampor<\/li>\n<\/ul>\n<p><b>Specifikationer<\/b><\/p>\n<ul>\n<li>Reglerbar ljusstyrka i tre olika l\u00e4gen som justeras genom att trycka p\u00e5 str\u00f6mbrytaren.<\/li>\n<li>Utbytbara LED-lampor med E10-sockel. Behagligt varmvitt sken, 1900K.<br \/>\nStr\u00f6mf\u00f6rbrukning 8-10 watt f\u00f6r hela ljusstaken.<\/li>\n<li>Str\u00f6mbrytare p\u00e5 kabeln till armaturen.<\/li>\n<\/ul>\n<p><strong>Design<br \/>\n<\/strong>Bengt Olov Janars, J\u00e4rvs\u00f6.<br \/>\nM\u00f6nsterskyddad.<br \/>\nRegistred Community Design no. 001618281-0001<\/p>\n","protected":false},"excerpt":{"rendered":"<p>R\u00f6d<\/p>\n","protected":false},"featured_media":211,"comment_status":"open","ping_status":"closed","template":"","meta":[],"product_brand":[],"product_cat":[34],"product_tag":[36],"class_list":{"0":"post-210","1":"product","2":"type-product","3":"status-publish","4":"has-post-thumbnail","6":"product_cat-okategoriserad","7":"product_tag-rod","9":"first","10":"instock","11":"shipping-taxable","12":"purchasable","13":"product-type-variable"},"_links":{"self":[{"href":"https:\/\/demo.svartpist.se\/trahantverk\/wp-json\/wp\/v2\/product\/210","targetHints":{"allow":["GET"]}}],"collection":[{"href":"https:\/\/demo.svartpist.se\/trahantverk\/wp-json\/wp\/v2\/product"}],"about":[{"href":"https:\/\/demo.svartpist.se\/trahantverk\/wp-json\/wp\/v2\/types\/product"}],"replies":[{"embeddable":true,"href":"https:\/\/demo.svartpist.se\/trahantverk\/wp-json\/wp\/v2\/comments?post=210"}],"wp:featuredmedia":[{"embeddable":true,"href":"https:\/\/demo.svartpist.se\/trahantverk\/wp-json\/wp\/v2\/media\/211"}],"wp:attachment":[{"href":"https:\/\/demo.svartpist.se\/trahantverk\/wp-json\/wp\/v2\/media?parent=210"}],"wp:term":[{"taxonomy":"product_brand","embeddable":true,"href":"https:\/\/demo.svartpist.se\/trahantverk\/wp-json\/wp\/v2\/product_brand?post=210"},{"taxonomy":"product_cat","embeddable":true,"href":"https:\/\/demo.svartpist.se\/trahantverk\/wp-json\/wp\/v2\/product_cat?post=210"},{"taxonomy":"product_tag","embeddable":true,"href":"https:\/\/demo.svartpist.se\/trahantverk\/wp-json\/wp\/v2\/product_tag?post=210"}],"curies":[{"name":"wp","href":"https:\/\/api.w.org\/{rel}","templated":true}]}}