{"id":306,"date":"2025-03-25T11:05:28","date_gmt":"2025-03-25T10:05:28","guid":{"rendered":"https:\/\/demo.svartpist.se\/trahantverk\/?page_id=306"},"modified":"2025-03-25T11:32:30","modified_gmt":"2025-03-25T10:32:30","slug":"kontakta-oss","status":"publish","type":"page","link":"https:\/\/demo.svartpist.se\/trahantverk\/kontakta-oss\/","title":{"rendered":"Kontakta oss"},"content":{"rendered":"<p><div class=\"fusion-fullwidth fullwidth-box fusion-builder-row-1 fusion-flex-container has-pattern-background has-mask-background fusion-parallax-none nonhundred-percent-fullwidth non-hundred-percent-height-scrolling\" style=\"--awb-border-radius-top-left:0px;--awb-border-radius-top-right:0px;--awb-border-radius-bottom-right:0px;--awb-border-radius-bottom-left:0px;--awb-padding-top:300px;--awb-padding-bottom:300px;--awb-background-image:url(&quot;https:\/\/demo.svartpist.se\/trahantverk\/wp-content\/uploads\/2025\/03\/kontakt-hero.webp&quot;);--awb-background-size:cover;--awb-flex-wrap:wrap;\" ><div class=\"fusion-builder-row fusion-row fusion-flex-align-items-flex-start fusion-flex-content-wrap\" style=\"max-width:1248px;margin-left: calc(-4% \/ 2 );margin-right: calc(-4% \/ 2 );\"><\/div><\/div><div class=\"fusion-fullwidth fullwidth-box fusion-builder-row-2 fusion-flex-container has-pattern-background has-mask-background nonhundred-percent-fullwidth non-hundred-percent-height-scrolling\" style=\"--awb-border-radius-top-left:0px;--awb-border-radius-top-right:0px;--awb-border-radius-bottom-right:0px;--awb-border-radius-bottom-left:0px;--awb-padding-top:60px;--awb-padding-bottom:60px;--awb-flex-wrap:wrap;\" ><div class=\"fusion-builder-row fusion-row fusion-flex-align-items-center fusion-flex-content-wrap\" style=\"max-width:1248px;margin-left: calc(-4% \/ 2 );margin-right: calc(-4% \/ 2 );\"><div class=\"fusion-layout-column fusion_builder_column fusion-builder-column-0 fusion_builder_column_2_3 2_3 fusion-flex-column\" style=\"--awb-bg-size:cover;--awb-width-large:66.666666666667%;--awb-margin-top-large:0px;--awb-spacing-right-large:2.88%;--awb-margin-bottom-large:20px;--awb-spacing-left-large:2.88%;--awb-width-medium:66.666666666667%;--awb-order-medium:0;--awb-spacing-right-medium:2.88%;--awb-spacing-left-medium:2.88%;--awb-width-small:100%;--awb-order-small:0;--awb-spacing-right-small:1.92%;--awb-spacing-left-small:1.92%;\"><div class=\"fusion-column-wrapper fusion-column-has-shadow fusion-flex-justify-content-flex-start fusion-content-layout-column\"><div class=\"fusion-title title fusion-title-1 fusion-sep-none fusion-title-text fusion-title-size-one\" style=\"--awb-margin-bottom:25px;\"><h1 class=\"fusion-title-heading title-heading-left\" style=\"margin:0;\">V\u00e4lkommen att kontakta oss!<\/h1><\/div><div class=\"fusion-text fusion-text-1 fusion-text-no-margin\" style=\"--awb-margin-bottom:30px;\"><p><strong>Order\/kontakt<\/strong><br \/>\n070- 534 00 17<br \/>\ninfo@jarvsotrahantverk.se<br \/>\norder@jarvsotrahantverk.se<\/p>\n<p><strong>Ekonomiavdelning<\/strong><br \/>\n070- 534 00 17<br \/>\nekonomi@jarvsotrahantverk.se<\/p>\n<p><strong>F\u00f6retagsuppgifter<\/strong><br \/>\nJ\u00e4rvs\u00f6 Tr\u00e4hantverk AB<br \/>\nOrganisationsnummer: 556987-5064<br \/>\nMomsreg.nr\/VAT-nr: SE556987506401<br \/>\nBankgironummer: 5047-9575<\/p>\n<p><strong>M\u00f6nsterskydds-ID f\u00f6r J\u00e4rvs\u00f6b\u00e5gen:<\/strong><br \/>\nRegistred Community Design no. 001618281-0001<\/p>\n<\/div><div class=\"fusion-social-links fusion-social-links-1\" style=\"--awb-margin-top:0px;--awb-margin-right:0px;--awb-margin-bottom:0px;--awb-margin-left:0px;--awb-box-border-top:0px;--awb-box-border-right:0px;--awb-box-border-bottom:0px;--awb-box-border-left:0px;--awb-icon-colors-hover:#551d00;--awb-box-colors-hover:var(--awb-color1);--awb-box-border-color:var(--awb-color3);--awb-box-border-color-hover:var(--awb-color4);\"><div class=\"fusion-social-networks color-type-custom\"><div class=\"fusion-social-networks-wrapper\"><a class=\"fusion-social-network-icon fusion-tooltip fusion-facebook awb-icon-facebook\" style=\"color:var(--awb-color6);font-size:32px;\" data-placement=\"top\" data-title=\"Facebook\" data-toggle=\"tooltip\" title=\"Facebook\" aria-label=\"facebook\" target=\"_blank\" rel=\"noopener noreferrer\" href=\"https:\/\/www.facebook.com\/jarvsotrahantverk\"><\/a><a class=\"fusion-social-network-icon fusion-tooltip fusion-instagram awb-icon-instagram\" style=\"color:var(--awb-color6);font-size:32px;\" data-placement=\"top\" data-title=\"Instagram\" data-toggle=\"tooltip\" title=\"Instagram\" aria-label=\"instagram\" target=\"_blank\" rel=\"noopener noreferrer\" href=\"https:\/\/www.instagram.com\/jarvsotrahantverk\/\"><\/a><\/div><\/div><\/div><\/div><\/div><div class=\"fusion-layout-column fusion_builder_column fusion-builder-column-1 fusion_builder_column_1_3 1_3 fusion-flex-column\" style=\"--awb-bg-size:cover;--awb-width-large:33.333333333333%;--awb-margin-top-large:0px;--awb-spacing-right-large:5.76%;--awb-margin-bottom-large:20px;--awb-spacing-left-large:5.76%;--awb-width-medium:33.333333333333%;--awb-order-medium:0;--awb-spacing-right-medium:5.76%;--awb-spacing-left-medium:5.76%;--awb-width-small:100%;--awb-order-small:0;--awb-spacing-right-small:1.92%;--awb-spacing-left-small:1.92%;\"><div class=\"fusion-column-wrapper fusion-column-has-shadow fusion-flex-justify-content-flex-start fusion-content-layout-column\"><div class=\"fusion-image-element \" style=\"--awb-caption-title-font-family:var(--h2_typography-font-family);--awb-caption-title-font-weight:var(--h2_typography-font-weight);--awb-caption-title-font-style:var(--h2_typography-font-style);--awb-caption-title-size:var(--h2_typography-font-size);--awb-caption-title-transform:var(--h2_typography-text-transform);--awb-caption-title-line-height:var(--h2_typography-line-height);--awb-caption-title-letter-spacing:var(--h2_typography-letter-spacing);\"><span class=\" fusion-imageframe imageframe-none imageframe-1 hover-type-none\"><img decoding=\"async\" width=\"1120\" height=\"1680\" title=\"bengt-verkstad\" src=\"https:\/\/demo.svartpist.se\/trahantverk\/wp-content\/uploads\/2025\/03\/bengt-verkstad.webp\" alt class=\"img-responsive wp-image-291\" srcset=\"https:\/\/demo.svartpist.se\/trahantverk\/wp-content\/uploads\/2025\/03\/bengt-verkstad-200x300.webp 200w, https:\/\/demo.svartpist.se\/trahantverk\/wp-content\/uploads\/2025\/03\/bengt-verkstad-400x600.webp 400w, https:\/\/demo.svartpist.se\/trahantverk\/wp-content\/uploads\/2025\/03\/bengt-verkstad-500x750.webp 500w, https:\/\/demo.svartpist.se\/trahantverk\/wp-content\/uploads\/2025\/03\/bengt-verkstad-600x900.webp 600w, https:\/\/demo.svartpist.se\/trahantverk\/wp-content\/uploads\/2025\/03\/bengt-verkstad-683x1024.webp 683w, https:\/\/demo.svartpist.se\/trahantverk\/wp-content\/uploads\/2025\/03\/bengt-verkstad-700x1050.webp 700w, https:\/\/demo.svartpist.se\/trahantverk\/wp-content\/uploads\/2025\/03\/bengt-verkstad-768x1152.webp 768w, https:\/\/demo.svartpist.se\/trahantverk\/wp-content\/uploads\/2025\/03\/bengt-verkstad-800x1200.webp 800w, https:\/\/demo.svartpist.se\/trahantverk\/wp-content\/uploads\/2025\/03\/bengt-verkstad-1024x1536.webp 1024w, https:\/\/demo.svartpist.se\/trahantverk\/wp-content\/uploads\/2025\/03\/bengt-verkstad.webp 1120w\" sizes=\"(max-width: 640px) 100vw, 400px\" \/><\/span><\/div><\/div><\/div><\/div><\/div><\/p>\n","protected":false},"excerpt":{"rendered":"","protected":false},"author":1,"featured_media":0,"parent":0,"menu_order":0,"comment_status":"closed","ping_status":"closed","template":"100-width.php","meta":{"footnotes":""},"class_list":["post-306","page","type-page","status-publish","hentry"],"_links":{"self":[{"href":"https:\/\/demo.svartpist.se\/trahantverk\/wp-json\/wp\/v2\/pages\/306","targetHints":{"allow":["GET"]}}],"collection":[{"href":"https:\/\/demo.svartpist.se\/trahantverk\/wp-json\/wp\/v2\/pages"}],"about":[{"href":"https:\/\/demo.svartpist.se\/trahantverk\/wp-json\/wp\/v2\/types\/page"}],"author":[{"embeddable":true,"href":"https:\/\/demo.svartpist.se\/trahantverk\/wp-json\/wp\/v2\/users\/1"}],"replies":[{"embeddable":true,"href":"https:\/\/demo.svartpist.se\/trahantverk\/wp-json\/wp\/v2\/comments?post=306"}],"version-history":[{"count":5,"href":"https:\/\/demo.svartpist.se\/trahantverk\/wp-json\/wp\/v2\/pages\/306\/revisions"}],"predecessor-version":[{"id":516,"href":"https:\/\/demo.svartpist.se\/trahantverk\/wp-json\/wp\/v2\/pages\/306\/revisions\/516"}],"wp:attachment":[{"href":"https:\/\/demo.svartpist.se\/trahantverk\/wp-json\/wp\/v2\/media?parent=306"}],"curies":[{"name":"wp","href":"https:\/\/api.w.org\/{rel}","templated":true}]}}