{"id":193,"date":"2025-01-30T15:47:01","date_gmt":"2025-01-30T14:47:01","guid":{"rendered":"https:\/\/demo.svartpist.se\/trahantverk\/?page_id=193"},"modified":"2025-04-11T14:11:45","modified_gmt":"2025-04-11T12:11:45","slug":"om-jarvso-trahantverk","status":"publish","type":"page","link":"https:\/\/demo.svartpist.se\/trahantverk\/om-jarvso-trahantverk\/","title":{"rendered":"Om J\u00e4rvs\u00f6 Tr\u00e4hantverk"},"content":{"rendered":"<p><div class=\"fusion-fullwidth fullwidth-box fusion-builder-row-1 fusion-flex-container has-pattern-background has-mask-background fusion-parallax-none nonhundred-percent-fullwidth non-hundred-percent-height-scrolling\" style=\"--awb-border-radius-top-left:0px;--awb-border-radius-top-right:0px;--awb-border-radius-bottom-right:0px;--awb-border-radius-bottom-left:0px;--awb-padding-top:300px;--awb-padding-bottom:300px;--awb-background-image:url(&quot;https:\/\/demo.svartpist.se\/trahantverk\/wp-content\/uploads\/2025\/03\/trahantverk-hero.webp&quot;);--awb-background-size:cover;--awb-flex-wrap:wrap;\" ><div class=\"fusion-builder-row fusion-row fusion-flex-align-items-flex-start fusion-flex-content-wrap\" style=\"max-width:1248px;margin-left: calc(-4% \/ 2 );margin-right: calc(-4% \/ 2 );\"><\/div><\/div><div class=\"fusion-fullwidth fullwidth-box fusion-builder-row-2 fusion-flex-container has-pattern-background has-mask-background nonhundred-percent-fullwidth non-hundred-percent-height-scrolling\" style=\"--awb-border-radius-top-left:0px;--awb-border-radius-top-right:0px;--awb-border-radius-bottom-right:0px;--awb-border-radius-bottom-left:0px;--awb-padding-top:60px;--awb-padding-bottom:60px;--awb-flex-wrap:wrap;\" ><div class=\"fusion-builder-row fusion-row fusion-flex-align-items-flex-start fusion-flex-content-wrap\" style=\"max-width:1248px;margin-left: calc(-4% \/ 2 );margin-right: calc(-4% \/ 2 );\"><div class=\"fusion-layout-column fusion_builder_column fusion-builder-column-0 fusion_builder_column_2_3 2_3 fusion-flex-column\" style=\"--awb-bg-size:cover;--awb-width-large:66.666666666667%;--awb-margin-top-large:0px;--awb-spacing-right-large:2.88%;--awb-margin-bottom-large:20px;--awb-spacing-left-large:2.88%;--awb-width-medium:66.666666666667%;--awb-order-medium:0;--awb-spacing-right-medium:2.88%;--awb-spacing-left-medium:2.88%;--awb-width-small:100%;--awb-order-small:0;--awb-spacing-right-small:1.92%;--awb-spacing-left-small:1.92%;\"><div class=\"fusion-column-wrapper fusion-column-has-shadow fusion-flex-justify-content-flex-start fusion-content-layout-column\"><div class=\"fusion-title title fusion-title-1 fusion-sep-none fusion-title-text fusion-title-size-one\"><h1 class=\"fusion-title-heading title-heading-left\" style=\"margin:0;\">Om J\u00e4rvs\u00f6 Tr\u00e4hantverk<\/h1><\/div><div class=\"fusion-text fusion-text-1\"><p><b>Hantverk med hj\u00e4rta och historia<\/b><\/p>\n<\/div><div class=\"fusion-text fusion-text-2\"><p>Sedan 1986 har J\u00e4rvs\u00f6 Tr\u00e4hantverk skapat tidl\u00f6sa tr\u00e4produkter d\u00e4r h\u00e5llbarhet och kvalitet st\u00e5r i centrum. Grundat av Bengt Janars, tidigare Olsson, har vi en passion f\u00f6r genuint hantverk och en stark koppling till J\u00e4rvs\u00f6s natursk\u00f6na landskap.<\/p>\n<p>Vi arbetar med noggrant utvalda material. Varje produkt tillverkas p\u00e5 plats i v\u00e5r verkstad med minimalt materialsvinn och fokus p\u00e5 \u00e5terbruk. V\u00e5rt hantverk \u00e5terspeglar en k\u00e4rlek till detaljer och en respekt f\u00f6r naturens resurser, vilket g\u00f6r varje f\u00f6rem\u00e5l unikt.<\/p>\n<p>J\u00e4rvs\u00f6 Tr\u00e4hantverk har tidigare producerat den popul\u00e4ra siluettkatten och tr\u00e4hantverk s\u00e5som svepaskar och olika sorters burkar f\u00f6r f\u00f6rvaring av exempelvis kaffe, te och gryn.<span class=\"Apple-converted-space\"> <\/span><\/p>\n<\/div><\/div><\/div><div class=\"fusion-layout-column fusion_builder_column fusion-builder-column-1 fusion_builder_column_1_3 1_3 fusion-flex-column\" style=\"--awb-bg-size:cover;--awb-width-large:33.333333333333%;--awb-margin-top-large:0px;--awb-spacing-right-large:5.76%;--awb-margin-bottom-large:20px;--awb-spacing-left-large:5.76%;--awb-width-medium:33.333333333333%;--awb-order-medium:0;--awb-spacing-right-medium:5.76%;--awb-spacing-left-medium:5.76%;--awb-width-small:100%;--awb-order-small:0;--awb-spacing-right-small:1.92%;--awb-spacing-left-small:1.92%;\"><div class=\"fusion-column-wrapper fusion-column-has-shadow fusion-flex-justify-content-flex-start fusion-content-layout-column\"><div class=\"fusion-image-element \" style=\"--awb-caption-title-font-family:var(--h2_typography-font-family);--awb-caption-title-font-weight:var(--h2_typography-font-weight);--awb-caption-title-font-style:var(--h2_typography-font-style);--awb-caption-title-size:var(--h2_typography-font-size);--awb-caption-title-transform:var(--h2_typography-text-transform);--awb-caption-title-line-height:var(--h2_typography-line-height);--awb-caption-title-letter-spacing:var(--h2_typography-letter-spacing);\"><span class=\" fusion-imageframe imageframe-none imageframe-1 hover-type-none\"><img decoding=\"async\" width=\"1120\" height=\"1680\" title=\"bengt-verkstad\" src=\"https:\/\/demo.svartpist.se\/trahantverk\/wp-content\/uploads\/2025\/03\/bengt-verkstad.webp\" alt class=\"img-responsive wp-image-291\" srcset=\"https:\/\/demo.svartpist.se\/trahantverk\/wp-content\/uploads\/2025\/03\/bengt-verkstad-200x300.webp 200w, https:\/\/demo.svartpist.se\/trahantverk\/wp-content\/uploads\/2025\/03\/bengt-verkstad-400x600.webp 400w, https:\/\/demo.svartpist.se\/trahantverk\/wp-content\/uploads\/2025\/03\/bengt-verkstad-500x750.webp 500w, https:\/\/demo.svartpist.se\/trahantverk\/wp-content\/uploads\/2025\/03\/bengt-verkstad-600x900.webp 600w, https:\/\/demo.svartpist.se\/trahantverk\/wp-content\/uploads\/2025\/03\/bengt-verkstad-683x1024.webp 683w, https:\/\/demo.svartpist.se\/trahantverk\/wp-content\/uploads\/2025\/03\/bengt-verkstad-700x1050.webp 700w, https:\/\/demo.svartpist.se\/trahantverk\/wp-content\/uploads\/2025\/03\/bengt-verkstad-768x1152.webp 768w, https:\/\/demo.svartpist.se\/trahantverk\/wp-content\/uploads\/2025\/03\/bengt-verkstad-800x1200.webp 800w, https:\/\/demo.svartpist.se\/trahantverk\/wp-content\/uploads\/2025\/03\/bengt-verkstad-1024x1536.webp 1024w, https:\/\/demo.svartpist.se\/trahantverk\/wp-content\/uploads\/2025\/03\/bengt-verkstad.webp 1120w\" sizes=\"(max-width: 640px) 100vw, 400px\" \/><\/span><\/div><\/div><\/div><\/div><\/div><div class=\"fusion-fullwidth fullwidth-box fusion-builder-row-3 fusion-flex-container has-pattern-background has-mask-background nonhundred-percent-fullwidth non-hundred-percent-height-scrolling\" style=\"--awb-border-radius-top-left:0px;--awb-border-radius-top-right:0px;--awb-border-radius-bottom-right:0px;--awb-border-radius-bottom-left:0px;--awb-padding-top:60px;--awb-padding-bottom:60px;--awb-background-color:#8f8f88;--awb-flex-wrap:wrap;\" ><div class=\"awb-background-pattern\" style=\"background-image:  url(data:image\/svg+xml;utf8,%3Csvg%20width%3D%2280%22%20height%3D%22120%22%20fill%3D%22none%22%20xmlns%3D%22http%3A%2F%2Fwww.w3.org%2F2000%2Fsvg%22%3E%3Cg%20clip-path%3D%22url%28%23prefix__clip0_43_320%29%22%20fill%3D%22rgba%280%2C0%2C0%2C0.3%29%22%3E%3Cpath%20d%3D%22M40%200L0%2030v30l40-30V0zm0%2030v30l40%2030V60L40%2030zM40-30V0l40%2030V0L40-30zm0%2090L0%2090v30l40-30V60zm0%2030v30l40%2030v-30L40%2090z%22%2F%3E%3C%2Fg%3E%3Cdefs%3E%3CclipPath%20id%3D%22prefix__clip0_43_320%22%3E%3Cpath%20fill%3D%22%23fff%22%20d%3D%22M0%200h80v120H0z%22%2F%3E%3C%2FclipPath%3E%3C%2Fdefs%3E%3C%2Fsvg%3E);opacity: 0.24 ;mix-blend-mode:normal;\"><\/div><div class=\"fusion-builder-row fusion-row fusion-flex-align-items-flex-start fusion-flex-justify-content-center fusion-flex-content-wrap\" style=\"max-width:1248px;margin-left: calc(-4% \/ 2 );margin-right: calc(-4% \/ 2 );\"><div class=\"fusion-layout-column fusion_builder_column fusion-builder-column-2 fusion_builder_column_1_1 1_1 fusion-flex-column\" style=\"--awb-bg-size:cover;--awb-width-large:100%;--awb-margin-top-large:0px;--awb-spacing-right-large:1.92%;--awb-margin-bottom-large:20px;--awb-spacing-left-large:1.92%;--awb-width-medium:100%;--awb-order-medium:0;--awb-spacing-right-medium:1.92%;--awb-spacing-left-medium:1.92%;--awb-width-small:100%;--awb-order-small:0;--awb-spacing-right-small:1.92%;--awb-spacing-left-small:1.92%;\"><div class=\"fusion-column-wrapper fusion-column-has-shadow fusion-flex-justify-content-flex-start fusion-content-layout-column\"><div class=\"fusion-title title fusion-title-2 fusion-sep-none fusion-title-center fusion-title-text fusion-title-size-three\" style=\"--awb-text-color:#ffffff;--awb-margin-top:40px;\"><h3 class=\"fusion-title-heading title-heading-center\" style=\"margin:0;\">F\u00f6r oss \u00e4r det viktigt med<\/h3><\/div><\/div><\/div><div class=\"fusion-layout-column fusion_builder_column fusion-builder-column-3 fusion_builder_column_1_3 1_3 fusion-flex-column\" style=\"--awb-bg-size:cover;--awb-width-large:33.333333333333%;--awb-margin-top-large:0px;--awb-spacing-right-large:5.76%;--awb-margin-bottom-large:20px;--awb-spacing-left-large:5.76%;--awb-width-medium:33.333333333333%;--awb-order-medium:0;--awb-spacing-right-medium:5.76%;--awb-spacing-left-medium:5.76%;--awb-width-small:100%;--awb-order-small:0;--awb-spacing-right-small:1.92%;--awb-spacing-left-small:1.92%;\"><div class=\"fusion-column-wrapper fusion-column-has-shadow fusion-flex-justify-content-flex-start fusion-content-layout-column\"><i class=\"fb-icon-element-1 fb-icon-element fontawesome-icon fa-palette fas circle-yes\" style=\"--awb-circlecolor:rgba(255,255,255,0);--awb-circlecolor-hover:rgba(255,255,255,0);--awb-circlebordercolor-hover:var(--awb-color8);--awb-circlebordersize:0px;--awb-font-size:43.12px;--awb-width:86.24px;--awb-height:86.24px;--awb-line-height:86.24px;--awb-margin-top:0;--awb-margin-right:0;--awb-margin-bottom:0;--awb-margin-left:0;--awb-align-self:center;\"><\/i><div class=\"fusion-title title fusion-title-3 fusion-sep-none fusion-title-center fusion-title-text fusion-title-size-four\" style=\"--awb-text-color:#ffffff;\"><h4 class=\"fusion-title-heading title-heading-center\" style=\"margin:0;\">Design<\/h4><\/div><div class=\"fusion-text fusion-text-3\" style=\"--awb-text-color:#ffffff;\"><p style=\"text-align: center;\">Vi kombinerar klassisk form och modern estetik. V\u00e5r design \u00e4r tidl\u00f6s, vilket inneb\u00e4r att v\u00e5ra produkter kan uppskattas och anv\u00e4ndas i generationer fram\u00e5t.<\/p>\n<\/div><\/div><\/div><div class=\"fusion-layout-column fusion_builder_column fusion-builder-column-4 fusion_builder_column_1_3 1_3 fusion-flex-column\" style=\"--awb-bg-size:cover;--awb-width-large:33.333333333333%;--awb-margin-top-large:0px;--awb-spacing-right-large:5.76%;--awb-margin-bottom-large:20px;--awb-spacing-left-large:5.76%;--awb-width-medium:33.333333333333%;--awb-order-medium:0;--awb-spacing-right-medium:5.76%;--awb-spacing-left-medium:5.76%;--awb-width-small:100%;--awb-order-small:0;--awb-spacing-right-small:1.92%;--awb-spacing-left-small:1.92%;\"><div class=\"fusion-column-wrapper fusion-column-has-shadow fusion-flex-justify-content-flex-start fusion-content-layout-column\"><i class=\"fb-icon-element-2 fb-icon-element fontawesome-icon fa-leaf fas circle-yes\" style=\"--awb-circlecolor:rgba(255,255,255,0);--awb-circlecolor-hover:rgba(255,255,255,0);--awb-circlebordercolor-hover:var(--awb-color8);--awb-circlebordersize:0px;--awb-font-size:43.12px;--awb-width:86.24px;--awb-height:86.24px;--awb-line-height:86.24px;--awb-margin-top:0;--awb-margin-right:0;--awb-margin-bottom:0;--awb-margin-left:0;--awb-align-self:center;\"><\/i><div class=\"fusion-title title fusion-title-4 fusion-sep-none fusion-title-center fusion-title-text fusion-title-size-four\" style=\"--awb-text-color:#ffffff;\"><h4 class=\"fusion-title-heading title-heading-center\" style=\"margin:0;\"><p style=\"text-align: center;\">H\u00e5llbarhet<\/p><\/h4><\/div><div class=\"fusion-text fusion-text-4\" style=\"--awb-text-color:#ffffff;\"><p style=\"text-align: center;\">Vi jobbar med \u00e5terbruk och milj\u00f6medveten produktion s\u00e5 l\u00e5ngt det g\u00e5r. Genom att \u00e5teranv\u00e4nda material och optimera produktionsprocesser minskar vi v\u00e5rt ekologiska fotavtryck, samtidigt som vi f\u00e5r ut fler produkter p\u00e5 en mindre m\u00e4ngd material. Det \u00e4r bra f\u00f6r alla inblandade!<span class=\"Apple-converted-space\"> <\/span><\/p>\n<\/div><\/div><\/div><div class=\"fusion-layout-column fusion_builder_column fusion-builder-column-5 fusion_builder_column_1_3 1_3 fusion-flex-column\" style=\"--awb-bg-size:cover;--awb-width-large:33.333333333333%;--awb-margin-top-large:0px;--awb-spacing-right-large:5.76%;--awb-margin-bottom-large:20px;--awb-spacing-left-large:5.76%;--awb-width-medium:33.333333333333%;--awb-order-medium:0;--awb-spacing-right-medium:5.76%;--awb-spacing-left-medium:5.76%;--awb-width-small:100%;--awb-order-small:0;--awb-spacing-right-small:1.92%;--awb-spacing-left-small:1.92%;\"><div class=\"fusion-column-wrapper fusion-column-has-shadow fusion-flex-justify-content-flex-start fusion-content-layout-column\"><i class=\"fb-icon-element-3 fb-icon-element fontawesome-icon fa-star fas circle-yes\" style=\"--awb-circlecolor:rgba(255,255,255,0);--awb-circlecolor-hover:rgba(255,255,255,0);--awb-circlebordercolor-hover:var(--awb-color8);--awb-circlebordersize:0px;--awb-font-size:43.12px;--awb-width:86.24px;--awb-height:86.24px;--awb-line-height:86.24px;--awb-margin-top:0;--awb-margin-right:0;--awb-margin-bottom:0;--awb-margin-left:0;--awb-align-self:center;\"><\/i><div class=\"fusion-title title fusion-title-5 fusion-sep-none fusion-title-center fusion-title-text fusion-title-size-four\" style=\"--awb-text-color:#ffffff;\"><h4 class=\"fusion-title-heading title-heading-center\" style=\"margin:0;\">Kvalitet<\/h4><\/div><div class=\"fusion-text fusion-text-5\" style=\"--awb-text-color:#ffffff;\"><p style=\"text-align: center;\">Vi drivs av att jobba med gediget hantverk som h\u00e5ller i generationer. Varje produkt \u00e4r ett resultat av noggrant arbete och ett \u00f6ga f\u00f6r detaljer. Det \u00e4r kvalitet f\u00f6r oss!<\/p>\n<\/div><\/div><\/div><div class=\"fusion-layout-column fusion_builder_column fusion-builder-column-6 fusion_builder_column_3_5 3_5 fusion-flex-column\" style=\"--awb-bg-size:cover;--awb-width-large:60%;--awb-margin-top-large:40px;--awb-spacing-right-large:3.2%;--awb-margin-bottom-large:40px;--awb-spacing-left-large:3.2%;--awb-width-medium:60%;--awb-order-medium:0;--awb-spacing-right-medium:3.2%;--awb-spacing-left-medium:3.2%;--awb-width-small:100%;--awb-order-small:0;--awb-spacing-right-small:1.92%;--awb-spacing-left-small:1.92%;\"><div class=\"fusion-column-wrapper fusion-column-has-shadow fusion-flex-justify-content-flex-start fusion-content-layout-column\"><div class=\"fusion-title title fusion-title-6 fusion-sep-none fusion-title-center fusion-title-text fusion-title-size-four\" style=\"--awb-text-color:#ffffff;\"><h4 class=\"fusion-title-heading title-heading-center\" style=\"margin:0;\"><em>Hos oss hittar du inte bara produkter \u2013 du hittar ber\u00e4ttelser, tradition och en bit av J\u00e4rvs\u00f6s sj\u00e4l. V\u00e4lkommen till v\u00e5r v\u00e4rld av tr\u00e4hantverk d\u00e4r varje produkt b\u00e4r med sig en historia.<\/em><\/h4><\/div><\/div><\/div><\/div><\/div><div class=\"fusion-fullwidth fullwidth-box fusion-builder-row-4 fusion-flex-container has-pattern-background has-mask-background nonhundred-percent-fullwidth non-hundred-percent-height-scrolling\" style=\"--awb-border-radius-top-left:0px;--awb-border-radius-top-right:0px;--awb-border-radius-bottom-right:0px;--awb-border-radius-bottom-left:0px;--awb-padding-top:100px;--awb-padding-bottom:100px;--awb-flex-wrap:wrap;\" ><div class=\"fusion-builder-row fusion-row fusion-flex-align-items-center fusion-flex-content-wrap\" style=\"max-width:1248px;margin-left: calc(-4% \/ 2 );margin-right: calc(-4% \/ 2 );\"><div class=\"fusion-layout-column fusion_builder_column fusion-builder-column-7 fusion_builder_column_1_2 1_2 fusion-flex-column\" style=\"--awb-bg-size:cover;--awb-width-large:50%;--awb-margin-top-large:0px;--awb-spacing-right-large:3.84%;--awb-margin-bottom-large:20px;--awb-spacing-left-large:3.84%;--awb-width-medium:50%;--awb-order-medium:0;--awb-spacing-right-medium:3.84%;--awb-spacing-left-medium:3.84%;--awb-width-small:100%;--awb-order-small:0;--awb-spacing-right-small:1.92%;--awb-spacing-left-small:1.92%;\"><div class=\"fusion-column-wrapper fusion-column-has-shadow fusion-flex-justify-content-flex-start fusion-content-layout-column\"><div class=\"fusion-image-element \" style=\"text-align:center;--awb-caption-title-font-family:var(--h2_typography-font-family);--awb-caption-title-font-weight:var(--h2_typography-font-weight);--awb-caption-title-font-style:var(--h2_typography-font-style);--awb-caption-title-size:var(--h2_typography-font-size);--awb-caption-title-transform:var(--h2_typography-text-transform);--awb-caption-title-line-height:var(--h2_typography-line-height);--awb-caption-title-letter-spacing:var(--h2_typography-letter-spacing);\"><span class=\" fusion-imageframe imageframe-none imageframe-2 hover-type-none\"><img decoding=\"async\" width=\"1198\" height=\"798\" alt=\"J\u00e4rvs\u00f6b\u00e5ge\" title=\"J\u00e4rvs\u00f6b\u00e5ge\" src=\"https:\/\/demo.svartpist.se\/trahantverk\/wp-content\/uploads\/2025\/03\/Jarvsobagen_Stor_Vit_Ljusstyrka.gif\" class=\"img-responsive wp-image-276\"\/><\/span><\/div><\/div><\/div><div class=\"fusion-layout-column fusion_builder_column fusion-builder-column-8 fusion_builder_column_1_2 1_2 fusion-flex-column\" style=\"--awb-bg-size:cover;--awb-width-large:50%;--awb-margin-top-large:0px;--awb-spacing-right-large:3.84%;--awb-margin-bottom-large:20px;--awb-spacing-left-large:3.84%;--awb-width-medium:50%;--awb-order-medium:0;--awb-spacing-right-medium:3.84%;--awb-spacing-left-medium:3.84%;--awb-width-small:100%;--awb-order-small:0;--awb-spacing-right-small:1.92%;--awb-spacing-left-small:1.92%;\"><div class=\"fusion-column-wrapper fusion-column-has-shadow fusion-flex-justify-content-flex-start fusion-content-layout-column\"><div class=\"fusion-title title fusion-title-7 fusion-sep-none fusion-title-text fusion-title-size-three\"><h3 class=\"fusion-title-heading title-heading-left\" style=\"margin:0;\">V\u00e5r mest popul\u00e4ra produkt J\u00e4rvs\u00f6b\u00e5gen<\/h3><\/div><div class=\"fusion-text fusion-text-6\"><p>Vi har str\u00e4vat efter att skapa en vacker ljusstake med fokus p\u00e5 design och kvalitet. En ljusstake som b\u00e5de p\u00e5minner om sitt ursprung fr\u00e5n de bl\u00e5nande bergen och vackra dalg\u00e5ngarna i H\u00e4lsingland &#8211; men som ocks\u00e5 symboliserar modernt hantverk och tidl\u00f6s design f\u00f6r de modernare hemmen. Tillverkad i noggrant utvalt material tr\u00e4 och med energieffektiva LED-lampor \u00e4r J\u00e4rvs\u00f6b\u00e5gen inte bara en vacker inredningsdetalj utan ocks\u00e5 ett h\u00e5llbart val.<\/p>\n<\/div><div ><a class=\"fusion-button button-flat fusion-button-default-size button-custom fusion-button-default button-1 fusion-button-default-span fusion-button-default-type\" style=\"--button_accent_color:var(--awb-color1);--button_accent_hover_color:var(--awb-color1);--button_border_hover_color:var(--awb-color1);--button_gradient_top_color:#551d00;--button_gradient_bottom_color:#551d00;--button_gradient_top_color_hover:#7f0901;--button_gradient_bottom_color_hover:#7f0901;\" target=\"_self\" href=\"https:\/\/demo.svartpist.se\/trahantverk\/jarvsobagen\/\"><span class=\"fusion-button-text awb-button__text awb-button__text--default\">S\u00e5 kom J\u00e4rvs\u00f6b\u00e5gen till<\/span><\/a><\/div><\/div><\/div><\/div><\/div><\/p>\n","protected":false},"excerpt":{"rendered":"","protected":false},"author":1,"featured_media":0,"parent":0,"menu_order":0,"comment_status":"closed","ping_status":"closed","template":"100-width.php","meta":{"footnotes":""},"class_list":["post-193","page","type-page","status-publish","hentry"],"_links":{"self":[{"href":"https:\/\/demo.svartpist.se\/trahantverk\/wp-json\/wp\/v2\/pages\/193","targetHints":{"allow":["GET"]}}],"collection":[{"href":"https:\/\/demo.svartpist.se\/trahantverk\/wp-json\/wp\/v2\/pages"}],"about":[{"href":"https:\/\/demo.svartpist.se\/trahantverk\/wp-json\/wp\/v2\/types\/page"}],"author":[{"embeddable":true,"href":"https:\/\/demo.svartpist.se\/trahantverk\/wp-json\/wp\/v2\/users\/1"}],"replies":[{"embeddable":true,"href":"https:\/\/demo.svartpist.se\/trahantverk\/wp-json\/wp\/v2\/comments?post=193"}],"version-history":[{"count":11,"href":"https:\/\/demo.svartpist.se\/trahantverk\/wp-json\/wp\/v2\/pages\/193\/revisions"}],"predecessor-version":[{"id":515,"href":"https:\/\/demo.svartpist.se\/trahantverk\/wp-json\/wp\/v2\/pages\/193\/revisions\/515"}],"wp:attachment":[{"href":"https:\/\/demo.svartpist.se\/trahantverk\/wp-json\/wp\/v2\/media?parent=193"}],"curies":[{"name":"wp","href":"https:\/\/api.w.org\/{rel}","templated":true}]}}